{"id":74,"date":"2021-10-29T14:54:28","date_gmt":"2021-10-29T14:54:28","guid":{"rendered":"https:\/\/joseflautando.com\/?page_id=74"},"modified":"2025-10-03T02:04:23","modified_gmt":"2025-10-03T02:04:23","slug":"pianoflute","status":"publish","type":"page","link":"https:\/\/joseflautando.com\/es\/pianoflute\/","title":{"rendered":"Piano &#038; Flute"},"content":{"rendered":"<div data-vc-full-width=\"true\" data-vc-full-width-init=\"false\" data-vc-parallax=\"1\" data-vc-parallax-image=\"https:\/\/joseflautando.com\/wp-content\/uploads\/2021\/10\/DSC_6653-2-scaled.jpg\" class=\"vc_row wpb_row vc_row-fluid top-banner vc_custom_1639153067509 vc_row-has-fill vc_row-o-full-height vc_row-o-columns-middle vc_row-flex vc_general vc_parallax vc_parallax-content-moving\"><div class=\"wpb_column vc_column_container vc_col-sm-6\"><div class=\"vc_column-inner\"><div class=\"wpb_wrapper\">\n\t<div class=\"wpb_text_column wpb_content_element\" >\n\t\t<div class=\"wpb_wrapper\">\n\t\t\t<h3><span style=\"color: #ffffff;\"><b style=\"font-size: 55px;\">Piano y Flauta<\/b><\/span><\/h3>\n\n\t\t<\/div>\n\t<\/div>\n<\/div><\/div><\/div><div class=\"wpb_column vc_column_container vc_col-sm-6\"><div class=\"vc_column-inner\"><div class=\"wpb_wrapper\"><\/div><\/div><\/div><\/div><div class=\"vc_row-full-width vc_clearfix\"><\/div><div data-vc-full-width=\"true\" data-vc-full-width-init=\"false\" data-vc-stretch-content=\"true\" class=\"vc_row wpb_row vc_row-fluid vc_custom_1633703954729 vc_row-no-padding\"><div class=\"wpb_column vc_column_container vc_col-sm-12\"><div class=\"vc_column-inner\"><div class=\"wpb_wrapper\">\n\t<div class=\"wpb_raw_code wpb_content_element wpb_raw_html\" >\n\t\t<div class=\"wpb_wrapper\">\n\t\t\t<div style=\"height: 150px; overflow: hidden;\" ><svg viewbox=\"0 0 500 150\" preserveaspectratio=\"none\" style=\"height: 100%; width: 100%;\"><path d=\"M-2.59,68.39 C157.67,117.72 370.43,121.68 503.05,-0.69 L500.00,150.00 L0.00,150.00 Z\" style=\"stroke: none; fill: #eeebe6;\"><\/path><\/svg><\/div>\n\t\t<\/div>\n\t<\/div>\n<\/div><\/div><\/div><\/div><div class=\"vc_row-full-width vc_clearfix\"><\/div><div class=\"vc_row wpb_row vc_row-fluid vc_custom_1635518469919\"><div class=\"wpb_column vc_column_container vc_col-sm-12\"><div class=\"vc_column-inner\"><div class=\"wpb_wrapper\">\n\t<div class=\"wpb_text_column wpb_content_element\" >\n\t\t<div class=\"wpb_wrapper\">\n\t\t\t<p>Somos dos m\u00fasicos profesionales egresados de la Universidad EAFIT con la intenci\u00f3n de interpretar el repertorio de c\u00e1mara para flauta y piano. Hemos seleccionado cuatro piezas del repertorio de la primera mitad del siglo XX. En estas piezas, los compositores representan el desarrollaro nacionalista de las principales escuelas interpretativas y estilisticas de la musica para flauta traversa en occidente. Aunque la flauta juega un papel protag\u00f3nico en este repertorio, es altamente exigente y expresivo para ambos instrumentos. Al final de esta selecci\u00f3n agregamos una pieza colombiana de autor an\u00f3nimo, arreglo y adaptaci\u00f3n hecho por el D\u00fao Alwa.<\/p>\n\n\t\t<\/div>\n\t<\/div>\n<\/div><\/div><\/div><\/div><div class=\"vc_row wpb_row vc_row-fluid vc_custom_1635518939003 vc_column-gap-15\"><div class=\"wpb_column vc_column_container vc_col-sm-8\"><div class=\"vc_column-inner\"><div class=\"wpb_wrapper\">\n\t<div class=\"wpb_text_column wpb_content_element\" >\n\t\t<div class=\"wpb_wrapper\">\n\t\t\t<h1><b>Piano. Maya Garc\u00eda.<\/b><\/h1>\n<p>Pianista con maestr\u00eda de la Universidad Eafit, estudiante del Dr. Andr\u00e9s G\u00f3mez y Blanca Uribe. En el 2014 gan\u00f3 primer lugar en el concurso de pregrado del Departamento de M\u00fasica en la categor\u00eda de m\u00fasica de c\u00e1mara. Particip\u00f3 en el Festival de Piano de Rebecca Penneys en el 2013 y 2014 en Tampa, Florida. En el 2014 realiz\u00f3 su proyecto de pr\u00e1ctica profesional en la Universidad de Eastern Michigan, estudiando bajo la supervisi\u00f3n de Dr. Joel Schoenhals. Ha trabajado como pianista acompa\u00f1ante en la Universidad EAFIT. Actualmente se desempe\u00f1a como docente en el Instituto Diego Echavarr\u00eda y el Centro de Educaci\u00f3n Permanente de la Universidad EAFIT.<\/p>\n\n\t\t<\/div>\n\t<\/div>\n<\/div><\/div><\/div><div class=\"wpb_column vc_column_container vc_col-sm-4\"><div class=\"vc_column-inner\"><div class=\"wpb_wrapper\">\n\t<div  class=\"wpb_single_image wpb_content_element vc_align_center\">\n\t\t\n\t\t<figure class=\"wpb_wrapper vc_figure\">\n\t\t\t<div class=\"vc_single_image-wrapper vc_box_circle  vc_box_border_grey\"><img fetchpriority=\"high\" decoding=\"async\" class=\"vc_single_image-img\" src=\"https:\/\/joseflautando.com\/wp-content\/uploads\/2021\/10\/Dueto-Alwa-e1754709308689.jpg\" width=\"667\" height=\"601\" alt=\"Duo Alwa\" title=\"D\u00fao Alwa\" \/><\/div>\n\t\t<\/figure>\n\t<\/div>\n<\/div><\/div><\/div><\/div><div class=\"vc_row wpb_row vc_row-fluid vc_custom_1635518913898 vc_column-gap-15\"><div class=\"wpb_column vc_column_container vc_col-sm-3\"><div class=\"vc_column-inner\"><div class=\"wpb_wrapper\">\n\t<div  class=\"wpb_single_image wpb_content_element vc_align_left\">\n\t\t\n\t\t<figure class=\"wpb_wrapper vc_figure\">\n\t\t\t<div class=\"vc_single_image-wrapper   vc_box_border_grey\"><img decoding=\"async\" width=\"385\" height=\"354\" src=\"https:\/\/joseflautando.com\/wp-content\/uploads\/2021\/11\/Capa-4.png\" class=\"vc_single_image-img attachment-full\" alt=\"\" srcset=\"https:\/\/joseflautando.com\/wp-content\/uploads\/2021\/11\/Capa-4.png 385w, https:\/\/joseflautando.com\/wp-content\/uploads\/2021\/11\/Capa-4-300x276.png 300w\" sizes=\"(max-width: 385px) 100vw, 385px\" \/><\/div>\n\t\t<\/figure>\n\t<\/div>\n<\/div><\/div><\/div><div class=\"wpb_column vc_column_container vc_col-sm-6\"><div class=\"vc_column-inner\"><div class=\"wpb_wrapper\">\n\t<div class=\"wpb_text_column wpb_content_element\" >\n\t\t<div class=\"wpb_wrapper\">\n\t\t\t<h1 style=\"text-align: center;\"><b>Repertorio<\/b><\/h1>\n<p style=\"text-align: center;\">En esta selecci\u00f3n incluimos una composici\u00f3n de estilo, Alem\u00e1n, Ruso, Franc\u00e9s y Colombiano:<\/p>\n<p style=\"text-align: center;\"><span style=\"font-weight: 400;\">\u00a0<\/span><\/p>\n<p style=\"text-align: center;\"><span style=\"font-weight: 400;\"><strong>-Reinecke &#8211;<\/strong> <em>The Flute Concerto in D Major, Op. 283<\/em> (1908)<\/span><\/p>\n<p style=\"text-align: center;\"><span style=\"font-weight: 400;\">\u00a0<\/span><\/p>\n<p style=\"text-align: center;\"><span style=\"font-weight: 400;\"><strong>-Tsybin &#8211;<\/strong> <em>Concert Allegro No. 2<\/em> (1927)<\/span><\/p>\n<p style=\"text-align: center;\"><span style=\"font-weight: 400;\">\u00a0<\/span><\/p>\n<p style=\"text-align: center;\"><span style=\"font-weight: 400;\"><strong>-Dutilleux &#8211;<\/strong> <em>Sonatine<\/em> (1943)<\/span><\/p>\n<p style=\"text-align: center;\"><span style=\"font-weight: 400;\"><br \/>\n<strong>-Pieza Colombiana de autor An\u00f3nimo<\/strong> <em>Los Piratas<\/em> (?) 20th Century<\/span><\/p>\n\n\t\t<\/div>\n\t<\/div>\n<\/div><\/div><\/div><div class=\"wpb_column vc_column_container vc_col-sm-3\"><div class=\"vc_column-inner\"><div class=\"wpb_wrapper\">\n\t<div  class=\"wpb_single_image wpb_content_element vc_align_right\">\n\t\t\n\t\t<figure class=\"wpb_wrapper vc_figure\">\n\t\t\t<div class=\"vc_single_image-wrapper   vc_box_border_grey\"><img decoding=\"async\" width=\"569\" height=\"488\" src=\"https:\/\/joseflautando.com\/wp-content\/uploads\/2021\/11\/Capa-3-copia-3.png\" class=\"vc_single_image-img attachment-full\" alt=\"\" srcset=\"https:\/\/joseflautando.com\/wp-content\/uploads\/2021\/11\/Capa-3-copia-3.png 569w, https:\/\/joseflautando.com\/wp-content\/uploads\/2021\/11\/Capa-3-copia-3-300x257.png 300w\" sizes=\"(max-width: 569px) 100vw, 569px\" \/><\/div>\n\t\t<\/figure>\n\t<\/div>\n<\/div><\/div><\/div><\/div>","protected":false},"excerpt":{"rendered":"Flute &amp; Piano We are two professional musicians, graduates of EAFIT University, with the intention of performing the chamber music [...]","protected":false},"author":1,"featured_media":0,"parent":0,"menu_order":0,"comment_status":"closed","ping_status":"closed","template":"","meta":{"site-sidebar-layout":"no-sidebar","site-content-layout":"plain-container","ast-site-content-layout":"default","site-content-style":"default","site-sidebar-style":"default","ast-global-header-display":"","ast-banner-title-visibility":"","ast-main-header-display":"","ast-hfb-above-header-display":"","ast-hfb-below-header-display":"","ast-hfb-mobile-header-display":"","site-post-title":"disabled","ast-breadcrumbs-content":"","ast-featured-img":"disabled","footer-sml-layout":"","theme-transparent-header-meta":"default","adv-header-id-meta":"","stick-header-meta":"","header-above-stick-meta":"","header-main-stick-meta":"","header-below-stick-meta":"","astra-migrate-meta-layouts":"set","ast-page-background-enabled":"default","ast-page-background-meta":{"desktop":{"background-color":"var(--ast-global-color-4)","background-image":"","background-repeat":"repeat","background-position":"center center","background-size":"auto","background-attachment":"scroll","background-type":"","background-media":"","overlay-type":"","overlay-color":"","overlay-opacity":"","overlay-gradient":""},"tablet":{"background-color":"","background-image":"","background-repeat":"repeat","background-position":"center center","background-size":"auto","background-attachment":"scroll","background-type":"","background-media":"","overlay-type":"","overlay-color":"","overlay-opacity":"","overlay-gradient":""},"mobile":{"background-color":"","background-image":"","background-repeat":"repeat","background-position":"center center","background-size":"auto","background-attachment":"scroll","background-type":"","background-media":"","overlay-type":"","overlay-color":"","overlay-opacity":"","overlay-gradient":""}},"ast-content-background-meta":{"desktop":{"background-color":"var(--ast-global-color-5)","background-image":"","background-repeat":"repeat","background-position":"center center","background-size":"auto","background-attachment":"scroll","background-type":"","background-media":"","overlay-type":"","overlay-color":"","overlay-opacity":"","overlay-gradient":""},"tablet":{"background-color":"var(--ast-global-color-5)","background-image":"","background-repeat":"repeat","background-position":"center center","background-size":"auto","background-attachment":"scroll","background-type":"","background-media":"","overlay-type":"","overlay-color":"","overlay-opacity":"","overlay-gradient":""},"mobile":{"background-color":"var(--ast-global-color-5)","background-image":"","background-repeat":"repeat","background-position":"center center","background-size":"auto","background-attachment":"scroll","background-type":"","background-media":"","overlay-type":"","overlay-color":"","overlay-opacity":"","overlay-gradient":""}},"footnotes":""},"class_list":["post-74","page","type-page","status-publish","hentry"],"jetpack_sharing_enabled":true,"_links":{"self":[{"href":"https:\/\/joseflautando.com\/es\/wp-json\/wp\/v2\/pages\/74","targetHints":{"allow":["GET"]}}],"collection":[{"href":"https:\/\/joseflautando.com\/es\/wp-json\/wp\/v2\/pages"}],"about":[{"href":"https:\/\/joseflautando.com\/es\/wp-json\/wp\/v2\/types\/page"}],"author":[{"embeddable":true,"href":"https:\/\/joseflautando.com\/es\/wp-json\/wp\/v2\/users\/1"}],"replies":[{"embeddable":true,"href":"https:\/\/joseflautando.com\/es\/wp-json\/wp\/v2\/comments?post=74"}],"version-history":[{"count":32,"href":"https:\/\/joseflautando.com\/es\/wp-json\/wp\/v2\/pages\/74\/revisions"}],"predecessor-version":[{"id":125,"href":"https:\/\/joseflautando.com\/es\/wp-json\/wp\/v2\/pages\/74\/revisions\/125"}],"wp:attachment":[{"href":"https:\/\/joseflautando.com\/es\/wp-json\/wp\/v2\/media?parent=74"}],"curies":[{"name":"wp","href":"https:\/\/api.w.org\/{rel}","templated":true}]}}