{"id":62,"date":"2021-10-08T14:40:45","date_gmt":"2021-10-08T14:40:45","guid":{"rendered":"https:\/\/joseflautando.com\/?page_id=62"},"modified":"2024-11-08T16:31:20","modified_gmt":"2024-11-08T16:31:20","slug":"about-jose","status":"publish","type":"page","link":"https:\/\/joseflautando.com\/es\/about-jose\/","title":{"rendered":"Sobre Jos\u00e9"},"content":{"rendered":"<div data-vc-full-width=\"true\" data-vc-full-width-init=\"false\" data-vc-parallax=\"1.5\" data-vc-parallax-image=\"https:\/\/joseflautando.com\/wp-content\/uploads\/2021\/10\/Jose-Fernando-Ramirez.jpg\" class=\"vc_row wpb_row vc_row-fluid top-banner vc_custom_1633703781376 vc_row-has-fill vc_general vc_parallax vc_parallax-content-moving\"><div class=\"wpb_column vc_column_container vc_col-sm-6\"><div class=\"vc_column-inner\"><div class=\"wpb_wrapper\">\n\t<div class=\"wpb_text_column wpb_content_element\" >\n\t\t<div class=\"wpb_wrapper\">\n\t\t\t<h2><strong>Sobre Jos\u00e9<\/strong><\/h2>\n<p><strong>Profesor Asistente de Flauta, Agosto 2017 \u2013 Mayo 2018<\/strong><br \/>\nMusic School, West Virginia University, Morgantown, WV<\/p>\n<p><strong>International Flute Symposium, Julio 2017<\/strong><br \/>\nWest Virginia University, Morgantown, WV<\/p>\n<p><strong>Profesor Invitado, organizador del evento<\/strong><br \/>\nCommunity Music WVU, Morgantown, WV Junio 2016 \u2013 Mayo 2019<\/p>\n\n\t\t<\/div>\n\t<\/div>\n<\/div><\/div><\/div><div class=\"wpb_column vc_column_container vc_col-sm-6\"><div class=\"vc_column-inner\"><div class=\"wpb_wrapper\"><\/div><\/div><\/div><\/div><div class=\"vc_row-full-width vc_clearfix\"><\/div><div data-vc-full-width=\"true\" data-vc-full-width-init=\"false\" data-vc-stretch-content=\"true\" class=\"vc_row wpb_row vc_row-fluid vc_custom_1633703954729 vc_row-no-padding\"><div class=\"wpb_column vc_column_container vc_col-sm-12\"><div class=\"vc_column-inner\"><div class=\"wpb_wrapper\">\n\t<div class=\"wpb_raw_code wpb_content_element wpb_raw_html\" >\n\t\t<div class=\"wpb_wrapper\">\n\t\t\t<div style=\"height: 150px; overflow: hidden;\" ><svg viewbox=\"0 0 500 150\" preserveaspectratio=\"none\" style=\"height: 100%; width: 100%;\"><path d=\"M-2.59,68.39 C157.67,117.72 370.43,121.68 503.05,-0.69 L500.00,150.00 L0.00,150.00 Z\" style=\"stroke: none; fill: #eeebe6;\"><\/path><\/svg><\/div>\n\t\t<\/div>\n\t<\/div>\n<\/div><\/div><\/div><\/div><div class=\"vc_row-full-width vc_clearfix\"><\/div><div class=\"vc_row wpb_row vc_row-fluid\"><div class=\"wpb_column vc_column_container vc_col-sm-12\"><div class=\"vc_column-inner\"><div class=\"wpb_wrapper\">\n\t<div class=\"wpb_text_column wpb_content_element\" >\n\t\t<div class=\"wpb_wrapper\">\n\t\t\t<div class=\"flex max-w-full flex-col flex-grow\">\n<div class=\"min-h-8 text-message flex w-full flex-col items-end gap-2 whitespace-normal break-words &#091;.text-message+&amp;&#093;:mt-5\" dir=\"auto\" data-message-author-role=\"assistant\" data-message-id=\"d7374627-1b04-496f-b724-5c0ec2e2f56b\" data-message-model-slug=\"gpt-4o\">\n<div class=\"flex w-full flex-col gap-1 empty:hidden first:pt-&#091;3px&#093;\">\n<div class=\"markdown prose w-full break-words dark:prose-invert dark\">\n<p>Jos\u00e9 Fernando tiene una exitosa carrera internacional como flautista e instructor. Ha viajado por los Estados Unidos, Colombia, Alemania y los Pa\u00edses Bajos interpretando diferentes estilos de m\u00fasica para flauta. Antes de salir de Colombia, particip\u00f3 varias veces con la Academia Filarm\u00f3nica (Medell\u00edn, Colombia), tanto como miembro de la orquesta como solista. Tambi\u00e9n fue flautista principal de la Orquesta Juvenil de Antioquia y la banda de la Universidad EAFIT. En Berl\u00edn, Alemania, ense\u00f1\u00f3 a los flautistas en la banda de conciertos Rhythm &amp; Melody, donde sol\u00eda ser el int\u00e9rprete principal y solista.<\/p>\n<p>&nbsp;<\/p>\n<p>Termin\u00f3 su pregrado en flauta en la Universidad EAFIT bajo la instrucci\u00f3n del profesor Le\u00f3n Giraldo en 2012. En 2013, viaj\u00f3 a Europa para obtener su certificado como instructor de flauta en los Pa\u00edses Bajos con Anke van der Bijl mientras continuaba sus estudios en Berl\u00edn con la flautista Kornelia Heth. Bajo la instrucci\u00f3n de la profesora Nina Assimakopoulos, complet\u00f3 su maestr\u00eda en 2017 en los Estados Unidos en la Universidad de West Virginia. Recibi\u00f3 consecutivamente premios a la excelencia acad\u00e9mica en la Escuela de M\u00fasica de West Virginia University, y en 2016 y 2017 gan\u00f3 la Beca Canady. Fue en su pr\u00e1ctica acad\u00e9mica fue profesor de los flautistas de pregrado de la Universidad de West Virginia mientras trabajaba en el \u201cCommunity Music\u201d de la misma universidad. A lo largo de su carrera tuvo clases magistrales con excelentes flautistas como Luis Julio Toro, Tadeu Cohelo, Gabriel Ahumada, Pedro Sagredo, Peter-Lukas Graf, Alberto Almarza, Conor Nelson, Linsey J. Goodman y Leslie Newman. En la misma Universidad de Estados Unidos realiz\u00f3 una segunda maestr\u00eda en \u201cWorld of Languages, Linguistics and Literature\u201d. En el 2019,\u00a0 junto al departamento de Ling\u00fc\u00edstica public\u00f3 su tesis sobre la relaci\u00f3n entre las vocales y el sonido de la flauta, llamada: \u201cAcoustics of Vowel Articulation in Flute Playing\u201d. <em>\u201cAcoustics of Vowel Articulation in Flute Playing.\u201d<\/em><\/p>\n<p>&nbsp;<\/p>\n<p>Recientemente ha estado trabajando con sus grupos de m\u00fasica de c\u00e1mara, Alwa (flauta y piano), D\u00fao Espiral (d\u00fao de flautas) y La Nueva Estudiantina (grupo de m\u00fasica Andina Colombiana). Junto a la editorial de la Universidad EAFIT, La Nueva Estudiantina publicar\u00e1 un libro bajo la direcci\u00f3n de Jos\u00e9 Fernando Ram\u00edrez con una selecci\u00f3n de obras patrimoniales que caracterizan la esencia Andina Colombiana.<\/p>\n<\/div>\n<\/div>\n<\/div>\n<\/div>\n<div class=\"mb-2 flex gap-3 empty:hidden -ml-2\">\n<div class=\"items-center justify-start rounded-xl p-1 flex\">\n<div class=\"flex items-center\">\n<div class=\"flex items-center pb-0\"><\/div>\n<\/div>\n<\/div>\n<\/div>\n\n\t\t<\/div>\n\t<\/div>\n<\/div><\/div><\/div><\/div>","protected":false},"excerpt":{"rendered":"About Jos\u00e9 Assistant Professor of Flute, August 2017 \u2013 May 2018 School of Music, West Virginia University, Morgantown, WV International [...]","protected":false},"author":1,"featured_media":0,"parent":0,"menu_order":0,"comment_status":"closed","ping_status":"closed","template":"","meta":{"site-sidebar-layout":"no-sidebar","site-content-layout":"plain-container","ast-site-content-layout":"default","site-content-style":"default","site-sidebar-style":"default","ast-global-header-display":"","ast-banner-title-visibility":"","ast-main-header-display":"","ast-hfb-above-header-display":"","ast-hfb-below-header-display":"","ast-hfb-mobile-header-display":"","site-post-title":"disabled","ast-breadcrumbs-content":"","ast-featured-img":"disabled","footer-sml-layout":"","theme-transparent-header-meta":"default","adv-header-id-meta":"","stick-header-meta":"","header-above-stick-meta":"","header-main-stick-meta":"","header-below-stick-meta":"","astra-migrate-meta-layouts":"set","ast-page-background-enabled":"default","ast-page-background-meta":{"desktop":{"background-color":"var(--ast-global-color-4)","background-image":"","background-repeat":"repeat","background-position":"center center","background-size":"auto","background-attachment":"scroll","background-type":"","background-media":"","overlay-type":"","overlay-color":"","overlay-opacity":"","overlay-gradient":""},"tablet":{"background-color":"","background-image":"","background-repeat":"repeat","background-position":"center center","background-size":"auto","background-attachment":"scroll","background-type":"","background-media":"","overlay-type":"","overlay-color":"","overlay-opacity":"","overlay-gradient":""},"mobile":{"background-color":"","background-image":"","background-repeat":"repeat","background-position":"center center","background-size":"auto","background-attachment":"scroll","background-type":"","background-media":"","overlay-type":"","overlay-color":"","overlay-opacity":"","overlay-gradient":""}},"ast-content-background-meta":{"desktop":{"background-color":"var(--ast-global-color-5)","background-image":"","background-repeat":"repeat","background-position":"center center","background-size":"auto","background-attachment":"scroll","background-type":"","background-media":"","overlay-type":"","overlay-color":"","overlay-opacity":"","overlay-gradient":""},"tablet":{"background-color":"var(--ast-global-color-5)","background-image":"","background-repeat":"repeat","background-position":"center center","background-size":"auto","background-attachment":"scroll","background-type":"","background-media":"","overlay-type":"","overlay-color":"","overlay-opacity":"","overlay-gradient":""},"mobile":{"background-color":"var(--ast-global-color-5)","background-image":"","background-repeat":"repeat","background-position":"center center","background-size":"auto","background-attachment":"scroll","background-type":"","background-media":"","overlay-type":"","overlay-color":"","overlay-opacity":"","overlay-gradient":""}},"footnotes":""},"class_list":["post-62","page","type-page","status-publish","hentry"],"jetpack_sharing_enabled":true,"_links":{"self":[{"href":"https:\/\/joseflautando.com\/es\/wp-json\/wp\/v2\/pages\/62","targetHints":{"allow":["GET"]}}],"collection":[{"href":"https:\/\/joseflautando.com\/es\/wp-json\/wp\/v2\/pages"}],"about":[{"href":"https:\/\/joseflautando.com\/es\/wp-json\/wp\/v2\/types\/page"}],"author":[{"embeddable":true,"href":"https:\/\/joseflautando.com\/es\/wp-json\/wp\/v2\/users\/1"}],"replies":[{"embeddable":true,"href":"https:\/\/joseflautando.com\/es\/wp-json\/wp\/v2\/comments?post=62"}],"version-history":[{"count":11,"href":"https:\/\/joseflautando.com\/es\/wp-json\/wp\/v2\/pages\/62\/revisions"}],"predecessor-version":[{"id":395,"href":"https:\/\/joseflautando.com\/es\/wp-json\/wp\/v2\/pages\/62\/revisions\/395"}],"wp:attachment":[{"href":"https:\/\/joseflautando.com\/es\/wp-json\/wp\/v2\/media?parent=62"}],"curies":[{"name":"wp","href":"https:\/\/api.w.org\/{rel}","templated":true}]}}