{"id":132,"date":"2021-11-05T11:31:48","date_gmt":"2021-11-05T11:31:48","guid":{"rendered":"https:\/\/joseflautando.com\/?page_id=132"},"modified":"2025-10-13T00:09:38","modified_gmt":"2025-10-13T00:09:38","slug":"duo-espiral","status":"publish","type":"page","link":"https:\/\/joseflautando.com\/es\/duo-espiral\/","title":{"rendered":"D\u00fao Espiral"},"content":{"rendered":"<div data-vc-full-width=\"true\" data-vc-full-width-init=\"false\" data-vc-parallax=\"1.5\" data-vc-parallax-image=\"https:\/\/joseflautando.com\/wp-content\/uploads\/2021\/11\/Portada-Duo-Espiral.jpg\" class=\"vc_row wpb_row vc_row-fluid top-banner vc_custom_1636111870848 vc_row-has-fill vc_general vc_parallax vc_parallax-content-moving\"><div class=\"wpb_column vc_column_container vc_col-sm-6\"><div class=\"vc_column-inner\"><div class=\"wpb_wrapper\">\n\t<div class=\"wpb_text_column wpb_content_element\" >\n\t\t<div class=\"wpb_wrapper\">\n\t\t\t<h2 style=\"font-size: 45px;\">D\u00fao Espiral<\/h2>\n<p style=\"font-size: 24px;\">Dos Flautas<\/p>\n\n\t\t<\/div>\n\t<\/div>\n<\/div><\/div><\/div><div class=\"wpb_column vc_column_container vc_col-sm-6\"><div class=\"vc_column-inner\"><div class=\"wpb_wrapper\"><\/div><\/div><\/div><\/div><div class=\"vc_row-full-width vc_clearfix\"><\/div><div data-vc-full-width=\"true\" data-vc-full-width-init=\"false\" data-vc-stretch-content=\"true\" class=\"vc_row wpb_row vc_row-fluid vc_custom_1633703954729 vc_row-no-padding\"><div class=\"wpb_column vc_column_container vc_col-sm-12\"><div class=\"vc_column-inner\"><div class=\"wpb_wrapper\">\n\t<div class=\"wpb_raw_code wpb_content_element wpb_raw_html\" >\n\t\t<div class=\"wpb_wrapper\">\n\t\t\t<div style=\"height: 150px; overflow: hidden;\" ><svg viewbox=\"0 0 500 150\" preserveaspectratio=\"none\" style=\"height: 100%; width: 100%;\"><path d=\"M-2.59,68.39 C157.67,117.72 370.43,121.68 503.05,-0.69 L500.00,150.00 L0.00,150.00 Z\" style=\"stroke: none; fill: #eeebe6;\"><\/path><\/svg><\/div>\n\t\t<\/div>\n\t<\/div>\n<\/div><\/div><\/div><\/div><div class=\"vc_row-full-width vc_clearfix\"><\/div><div class=\"vc_row wpb_row vc_row-fluid vc_custom_1635518469919\"><div class=\"wpb_column vc_column_container vc_col-sm-12\"><div class=\"vc_column-inner\"><div class=\"wpb_wrapper\">\n\t<div class=\"wpb_text_column wpb_content_element\" >\n\t\t<div class=\"wpb_wrapper\">\n\t\t\t<p style=\"font-size: 24px;\">D\u00fao de flautistas profesionales que interpretan y componen repertorio de m\u00fasica de c\u00e1mara para dos flautas. Inician su actividad art\u00edstica en 2020. \u00a0 un programa donde mostramos cronol\u00f3gicamente algunos ejemplos de la evoluci\u00f3n del repertorio para estos instrumentos.<\/p>\n\n\t\t<\/div>\n\t<\/div>\n<\/div><\/div><\/div><\/div><div class=\"vc_row wpb_row vc_row-fluid vc_custom_1635518939003 vc_column-gap-15\"><div class=\"wpb_column vc_column_container vc_col-sm-8\"><div class=\"vc_column-inner\"><div class=\"wpb_wrapper\">\n\t<div class=\"wpb_text_column wpb_content_element\" >\n\t\t<div class=\"wpb_wrapper\">\n\t\t\t<h2 style=\"font-size: 45px;\"><b>Andr\u00e9s Zuluaga.<\/b><\/h2>\n<p style=\"font-size: 24px;\">Inici\u00f3 sus estudios musicales en la misma ciudad a los 10 a\u00f1os con el maestro Hugo Espinosa en la Universidad de Antioquia y luego a la edad de 17 a\u00f1os continu\u00f3 sus estudios musicales en Francia, a cargo de los maestros Fran\u00e7ois Veilhan, Sophie Dardeau, Isabelle Lartillot y Gaspar Hoyos.<\/p>\n<p style=\"font-size: 24px;\">All\u00ed culmin\u00f3 sus estudios especializ\u00e1ndose concretamente en el trabajo de la m\u00fasica de c\u00e1mara, m\u00fasica antigua y orquesta sinf\u00f3nica.<\/p>\n<p style=\"font-size: 24px;\">Ha tocado con la Orquesta Sinf\u00f3nica de Colombia, con la Sinf\u00f3nica de EAFIT, con la Orquesta y ensamble de m\u00fasica antigua del conservatorio de Nancy, y con la Orquesta Filarm\u00f3nica de Medell\u00edn, con la cual ha participado en diferentes conciertos en calidad de solista.<\/p>\n<p style=\"font-size: 24px;\">En el conservatorio de Nancy (Francia) adelant\u00f3 estudios de m\u00fasica antigua, trabajando la interpretaci\u00f3n en instrumentos hist\u00f3ricos con la profesora Isabelle Lartillot en la especialidad de Traverso, donde tuvo la oportunidad de presentarse en concierto con m\u00fasicos como Jean Philippe Navarre, J\u00e9rome Mondesert, entre otros.<\/p>\n<p style=\"font-size: 24px;\">Actualmente continua su b\u00fasqueda en el campo de la m\u00fasica antigua y m\u00fasica de c\u00e1mara de manera personal y colaborando como m\u00fasico invitado con el ensamble Spicata de la ciudad de Medell\u00edn, el Estudio Polif\u00f3nico de Medell\u00edn y trabajando adem\u00e1s con diversos ensambles de forma independiente.<\/p>\n\n\t\t<\/div>\n\t<\/div>\n<\/div><\/div><\/div><div class=\"wpb_column vc_column_container vc_col-sm-4\"><div class=\"vc_column-inner\"><div class=\"wpb_wrapper\">\n\t<div  class=\"wpb_single_image wpb_content_element vc_align_center\">\n\t\t\n\t\t<figure class=\"wpb_wrapper vc_figure\">\n\t\t\t<div class=\"vc_single_image-wrapper vc_box_circle  vc_box_border_grey\"><img fetchpriority=\"high\" decoding=\"async\" width=\"405\" height=\"405\" src=\"https:\/\/joseflautando.com\/wp-content\/uploads\/2021\/11\/Andres-Zuluaga-Duo-Espiral.jpeg\" class=\"vc_single_image-img attachment-large\" alt=\"Andres Zuluaga - Duo Espiral\" srcset=\"https:\/\/joseflautando.com\/wp-content\/uploads\/2021\/11\/Andres-Zuluaga-Duo-Espiral.jpeg 405w, https:\/\/joseflautando.com\/wp-content\/uploads\/2021\/11\/Andres-Zuluaga-Duo-Espiral-300x300.jpeg 300w, https:\/\/joseflautando.com\/wp-content\/uploads\/2021\/11\/Andres-Zuluaga-Duo-Espiral-100x100.jpeg 100w, https:\/\/joseflautando.com\/wp-content\/uploads\/2021\/11\/Andres-Zuluaga-Duo-Espiral-150x150.jpeg 150w\" sizes=\"(max-width: 405px) 100vw, 405px\" \/><\/div>\n\t\t<\/figure>\n\t<\/div>\n<\/div><\/div><\/div><\/div><div class=\"vc_row wpb_row vc_row-fluid vc_custom_1635518913898 vc_column-gap-15\"><div class=\"wpb_column vc_column_container vc_col-sm-3\"><div class=\"vc_column-inner\"><div class=\"wpb_wrapper\">\n\t<div  class=\"wpb_single_image wpb_content_element vc_align_left\">\n\t\t\n\t\t<figure class=\"wpb_wrapper vc_figure\">\n\t\t\t<div class=\"vc_single_image-wrapper   vc_box_border_grey\"><img decoding=\"async\" width=\"386\" height=\"294\" src=\"https:\/\/joseflautando.com\/wp-content\/uploads\/2021\/11\/Objeto-inteligente-vectorial-2.png\" class=\"vc_single_image-img attachment-full\" alt=\"\" srcset=\"https:\/\/joseflautando.com\/wp-content\/uploads\/2021\/11\/Objeto-inteligente-vectorial-2.png 386w, https:\/\/joseflautando.com\/wp-content\/uploads\/2021\/11\/Objeto-inteligente-vectorial-2-300x228.png 300w\" sizes=\"(max-width: 386px) 100vw, 386px\" \/><\/div>\n\t\t<\/figure>\n\t<\/div>\n<\/div><\/div><\/div><div class=\"wpb_column vc_column_container vc_col-sm-6\"><div class=\"vc_column-inner\"><div class=\"wpb_wrapper\">\n\t<div class=\"wpb_text_column wpb_content_element\" >\n\t\t<div class=\"wpb_wrapper\">\n\t\t\t<h2 style=\"text-align: center; font-size: 45px;\"><b>Repertorio<\/b><\/h2>\n<p>&nbsp;<\/p>\n<p style=\"text-align: center; font-size: 24px;\">-W. F. Bach<\/p>\n<p style=\"text-align: center; font-size: 24px;\">-Romberg<\/p>\n<p style=\"text-align: center; font-size: 24px;\">-Petrassi<\/p>\n<p style=\"text-align: center; font-size: 24px;\">-Ram\u00edrez-Zuluaga<\/p>\n\n\t\t<\/div>\n\t<\/div>\n<\/div><\/div><\/div><div class=\"wpb_column vc_column_container vc_col-sm-3\"><div class=\"vc_column-inner\"><div class=\"wpb_wrapper\">\n\t<div  class=\"wpb_single_image wpb_content_element vc_align_right\">\n\t\t\n\t\t<figure class=\"wpb_wrapper vc_figure\">\n\t\t\t<div class=\"vc_single_image-wrapper   vc_box_border_grey\"><img decoding=\"async\" width=\"347\" height=\"389\" src=\"https:\/\/joseflautando.com\/wp-content\/uploads\/2021\/11\/Objeto-inteligente-vectorial.png\" class=\"vc_single_image-img attachment-full\" alt=\"\" srcset=\"https:\/\/joseflautando.com\/wp-content\/uploads\/2021\/11\/Objeto-inteligente-vectorial.png 347w, https:\/\/joseflautando.com\/wp-content\/uploads\/2021\/11\/Objeto-inteligente-vectorial-268x300.png 268w\" sizes=\"(max-width: 347px) 100vw, 347px\" \/><\/div>\n\t\t<\/figure>\n\t<\/div>\n<\/div><\/div><\/div><\/div><div class=\"vc_row wpb_row vc_row-fluid vc_custom_1636115497123 vc_column-gap-15\"><div class=\"wpb_column vc_column_container vc_col-sm-2\"><div class=\"vc_column-inner\"><div class=\"wpb_wrapper\"><\/div><\/div><\/div><div class=\"wpb_column vc_column_container vc_col-sm-8\"><div class=\"vc_column-inner\"><div class=\"wpb_wrapper\">\n\t<div class=\"wpb_text_column wpb_content_element  vc_custom_1760313169186\" >\n\t\t<div class=\"wpb_wrapper\">\n\t\t\t<h2 style=\"text-align: center; font-size: 45px;\"><b>Multimedia<\/b><\/h2>\n\n\t\t<\/div>\n\t<\/div>\n\n\t<div class=\"wpb_text_column wpb_content_element\" >\n\t\t<div class=\"wpb_wrapper\">\n\t\t\t<p><iframe src=\"https:\/\/www.youtube.com\/embed\/RwE_QUc_XAs?modestbranding=1&amp;showinfo=0&amp;rel=0&amp;iv_load_policy=3&amp;theme=light&amp;color=white\" width=\"100%\" height=\"540\" frameborder=\"0\"><span data-mce-type=\"bookmark\" style=\"display: inline-block; width: 0px; overflow: hidden; line-height: 0;\" class=\"mce_SELRES_start\"><\/span><span data-mce-type=\"bookmark\" style=\"display: inline-block; width: 0px; overflow: hidden; line-height: 0;\" class=\"mce_SELRES_start\"><\/span><span data-mce-type=\"bookmark\" style=\"display: inline-block; width: 0px; overflow: hidden; line-height: 0;\" class=\"mce_SELRES_start\"><\/span><\/iframe><\/p>\n\n\t\t<\/div>\n\t<\/div>\n<\/div><\/div><\/div><div class=\"wpb_column vc_column_container vc_col-sm-2\"><div class=\"vc_column-inner\"><div class=\"wpb_wrapper\"><\/div><\/div><\/div><\/div>","protected":false},"excerpt":{"rendered":"D\u00fao Espiral Two Flutes A duo of professional flutists who perform and compose chamber music repertoire for two flutes. They [...]","protected":false},"author":1,"featured_media":0,"parent":0,"menu_order":0,"comment_status":"closed","ping_status":"closed","template":"","meta":{"site-sidebar-layout":"no-sidebar","site-content-layout":"plain-container","ast-site-content-layout":"default","site-content-style":"default","site-sidebar-style":"default","ast-global-header-display":"","ast-banner-title-visibility":"","ast-main-header-display":"","ast-hfb-above-header-display":"","ast-hfb-below-header-display":"","ast-hfb-mobile-header-display":"","site-post-title":"disabled","ast-breadcrumbs-content":"","ast-featured-img":"disabled","footer-sml-layout":"","theme-transparent-header-meta":"default","adv-header-id-meta":"","stick-header-meta":"","header-above-stick-meta":"","header-main-stick-meta":"","header-below-stick-meta":"","astra-migrate-meta-layouts":"set","ast-page-background-enabled":"default","ast-page-background-meta":{"desktop":{"background-color":"var(--ast-global-color-4)","background-image":"","background-repeat":"repeat","background-position":"center center","background-size":"auto","background-attachment":"scroll","background-type":"","background-media":"","overlay-type":"","overlay-color":"","overlay-opacity":"","overlay-gradient":""},"tablet":{"background-color":"","background-image":"","background-repeat":"repeat","background-position":"center center","background-size":"auto","background-attachment":"scroll","background-type":"","background-media":"","overlay-type":"","overlay-color":"","overlay-opacity":"","overlay-gradient":""},"mobile":{"background-color":"","background-image":"","background-repeat":"repeat","background-position":"center center","background-size":"auto","background-attachment":"scroll","background-type":"","background-media":"","overlay-type":"","overlay-color":"","overlay-opacity":"","overlay-gradient":""}},"ast-content-background-meta":{"desktop":{"background-color":"var(--ast-global-color-5)","background-image":"","background-repeat":"repeat","background-position":"center center","background-size":"auto","background-attachment":"scroll","background-type":"","background-media":"","overlay-type":"","overlay-color":"","overlay-opacity":"","overlay-gradient":""},"tablet":{"background-color":"var(--ast-global-color-5)","background-image":"","background-repeat":"repeat","background-position":"center center","background-size":"auto","background-attachment":"scroll","background-type":"","background-media":"","overlay-type":"","overlay-color":"","overlay-opacity":"","overlay-gradient":""},"mobile":{"background-color":"var(--ast-global-color-5)","background-image":"","background-repeat":"repeat","background-position":"center center","background-size":"auto","background-attachment":"scroll","background-type":"","background-media":"","overlay-type":"","overlay-color":"","overlay-opacity":"","overlay-gradient":""}},"footnotes":""},"class_list":["post-132","page","type-page","status-publish","hentry"],"jetpack_sharing_enabled":true,"_links":{"self":[{"href":"https:\/\/joseflautando.com\/es\/wp-json\/wp\/v2\/pages\/132","targetHints":{"allow":["GET"]}}],"collection":[{"href":"https:\/\/joseflautando.com\/es\/wp-json\/wp\/v2\/pages"}],"about":[{"href":"https:\/\/joseflautando.com\/es\/wp-json\/wp\/v2\/types\/page"}],"author":[{"embeddable":true,"href":"https:\/\/joseflautando.com\/es\/wp-json\/wp\/v2\/users\/1"}],"replies":[{"embeddable":true,"href":"https:\/\/joseflautando.com\/es\/wp-json\/wp\/v2\/comments?post=132"}],"version-history":[{"count":11,"href":"https:\/\/joseflautando.com\/es\/wp-json\/wp\/v2\/pages\/132\/revisions"}],"predecessor-version":[{"id":1144,"href":"https:\/\/joseflautando.com\/es\/wp-json\/wp\/v2\/pages\/132\/revisions\/1144"}],"wp:attachment":[{"href":"https:\/\/joseflautando.com\/es\/wp-json\/wp\/v2\/media?parent=132"}],"curies":[{"name":"wp","href":"https:\/\/api.w.org\/{rel}","templated":true}]}}